{"id":319,"date":"2018-04-11T17:53:15","date_gmt":"2018-04-11T17:53:15","guid":{"rendered":"http:\/\/wandering.eu\/?page_id=319"},"modified":"2019-12-02T20:29:58","modified_gmt":"2019-12-02T20:29:58","slug":"desert-tripping","status":"publish","type":"page","link":"http:\/\/wandering.eu\/de\/desert-tripping\/","title":{"rendered":"W\u00fcste und yoga"},"content":{"rendered":"<p>Dieses Jahr mache ich zusammen mit Yogalehrerin Amanda Beugeling eine Wander und Yogareise in der Sahara!<\/p>\n<p>Der n\u00e4chste Termin ist von der 20. bis 29.03.2020<\/p>\n<p>F\u00fcr weitere informationen k\u00f6nnen Sie schreiben odr schauen Sie <a href=\"http:\/\/amandabeugeling.com\/sahara-retreat\/\">hier.<\/a><\/p>\n<p><a href=\"http:\/\/wandering.eu\/wp-content\/uploads\/2018\/04\/IMG_1704.jpg\"><img decoding=\"async\" loading=\"lazy\" class=\"alignnone wp-image-326\" src=\"http:\/\/wandering.eu\/wp-content\/uploads\/2018\/04\/IMG_1704-300x200.jpg\" alt=\"\" width=\"377\" height=\"251\" srcset=\"http:\/\/wandering.eu\/wp-content\/uploads\/2018\/04\/IMG_1704-300x200.jpg 300w, http:\/\/wandering.eu\/wp-content\/uploads\/2018\/04\/IMG_1704-768x512.jpg 768w, http:\/\/wandering.eu\/wp-content\/uploads\/2018\/04\/IMG_1704-1024x683.jpg 1024w\" sizes=\"(max-width: 377px) 100vw, 377px\" \/><\/a><\/p>\n<p><a href=\"http:\/\/wandering.eu\/wp-content\/uploads\/2019\/11\/IMG_2734.jpg\"><img decoding=\"async\" loading=\"lazy\" class=\"alignnone wp-image-409\" src=\"http:\/\/wandering.eu\/wp-content\/uploads\/2019\/11\/IMG_2734-300x200.jpg\" alt=\"\" width=\"381\" height=\"254\" srcset=\"http:\/\/wandering.eu\/wp-content\/uploads\/2019\/11\/IMG_2734-300x200.jpg 300w, http:\/\/wandering.eu\/wp-content\/uploads\/2019\/11\/IMG_2734-768x512.jpg 768w, http:\/\/wandering.eu\/wp-content\/uploads\/2019\/11\/IMG_2734-1024x683.jpg 1024w\" sizes=\"(max-width: 381px) 100vw, 381px\" \/><\/a><\/p>\n<p><a href=\"http:\/\/wandering.eu\/wp-content\/uploads\/2019\/11\/IMG_3258.jpg\"><img decoding=\"async\" loading=\"lazy\" class=\"alignnone wp-image-401\" src=\"http:\/\/wandering.eu\/wp-content\/uploads\/2019\/11\/IMG_3258-300x200.jpg\" alt=\"\" width=\"381\" height=\"254\" srcset=\"http:\/\/wandering.eu\/wp-content\/uploads\/2019\/11\/IMG_3258-300x200.jpg 300w, http:\/\/wandering.eu\/wp-content\/uploads\/2019\/11\/IMG_3258-768x512.jpg 768w, http:\/\/wandering.eu\/wp-content\/uploads\/2019\/11\/IMG_3258-1024x683.jpg 1024w\" sizes=\"(max-width: 381px) 100vw, 381px\" \/><\/a><\/p>\n<p><a href=\"http:\/\/wandering.eu\/wp-content\/uploads\/2018\/04\/DSCF2196.jpg\"><img decoding=\"async\" loading=\"lazy\" class=\"alignnone wp-image-323\" src=\"http:\/\/wandering.eu\/wp-content\/uploads\/2018\/04\/DSCF2196-300x200.jpg\" alt=\"\" width=\"388\" height=\"258\" \/><\/a><\/p>","protected":false},"excerpt":{"rendered":"<p>Dieses Jahr mache ich zusammen mit Yogalehrerin Amanda Beugeling eine Wander und Yogareise in der Sahara! Der n\u00e4chste Termin ist von der 20. bis 29.03.2020 F\u00fcr weitere informationen k\u00f6nnen Sie schreiben odr schauen Sie hier.<\/p>\n","protected":false},"author":1,"featured_media":0,"parent":0,"menu_order":0,"comment_status":"closed","ping_status":"closed","template":"","meta":[],"_links":{"self":[{"href":"http:\/\/wandering.eu\/de\/wp-json\/wp\/v2\/pages\/319"}],"collection":[{"href":"http:\/\/wandering.eu\/de\/wp-json\/wp\/v2\/pages"}],"about":[{"href":"http:\/\/wandering.eu\/de\/wp-json\/wp\/v2\/types\/page"}],"author":[{"embeddable":true,"href":"http:\/\/wandering.eu\/de\/wp-json\/wp\/v2\/users\/1"}],"replies":[{"embeddable":true,"href":"http:\/\/wandering.eu\/de\/wp-json\/wp\/v2\/comments?post=319"}],"version-history":[{"count":6,"href":"http:\/\/wandering.eu\/de\/wp-json\/wp\/v2\/pages\/319\/revisions"}],"predecessor-version":[{"id":420,"href":"http:\/\/wandering.eu\/de\/wp-json\/wp\/v2\/pages\/319\/revisions\/420"}],"wp:attachment":[{"href":"http:\/\/wandering.eu\/de\/wp-json\/wp\/v2\/media?parent=319"}],"curies":[{"name":"wp","href":"https:\/\/api.w.org\/{rel}","templated":true}]}}