{"id":8,"date":"2015-12-02T15:10:25","date_gmt":"2015-12-02T15:10:25","guid":{"rendered":"http:\/\/wandering.eu\/?page_id=8"},"modified":"2019-12-02T20:51:32","modified_gmt":"2019-12-02T20:51:32","slug":"about-wndering","status":"publish","type":"page","link":"http:\/\/wandering.eu\/de\/about-wndering\/","title":{"rendered":"W@ndering"},"content":{"rendered":"<p><\/p>\n<p align=\"LEFT\"><span style=\"color: #000000;\"><span style=\"font-family: Ubuntu;\"><span style=\"font-size: medium;\">Hallo liebe Mitwanderer,<br \/>\n<\/span><\/span><\/span><\/p>\n<p align=\"LEFT\"><span style=\"color: #000000;\"><span style=\"font-family: Ubuntu;\"><span style=\"font-size: medium;\">Wilkommen bei W@ndering. Meine Name ist Yahya Alexander Mathkor und m<\/span><\/span><\/span><span style=\"color: #000000;\"><span style=\"font-family: Ubuntu;\"><span style=\"font-size: medium;\">it <a href=\"mailto:W@ndering\">W@ndering<\/a> versuche ich grandiosen Natur, und vielseitiger Kultur, herzlichen Menschen, viele Sprache, sowie sehr Uhrsprungliche Wanderwegen mit ihnen zu teilen.<\/span><\/span><\/span><\/p>\n<p align=\"LEFT\"><span style=\"color: #000000;\"><span style=\"font-family: Ubuntu;\"><span style=\"font-size: medium;\">Als Reiseleiter ist mein Ziel, dass sich jeder Reisegast, sowohl individuell als auch in der Gruppe, wohl und sicher aufgehoben f\u00fchlt und einen entspannenden sowie ausgeglichenen Erlebnis-Urlaub genie\u00dfen kann.<\/span><\/span><\/span><\/p>\n<p align=\"LEFT\"><span style=\"color: #000000;\"><span style=\"font-family: Ubuntu;\"><span style=\"font-size: medium;\">Ich w\u00fcrde mich sehr freuen, Sie bald auf den von mir betreuten Wanderreisen begr\u00fc\u00dfen zu d\u00fcrfen. <\/span><\/span><\/span><\/p>\n<p align=\"LEFT\"><span style=\"color: #000000;\"><span style=\"font-family: Ubuntu;\"><span style=\"font-size: medium;\">F\u00fcr mehr Information schicken Sie bitte ein mail an:<\/span><\/span><\/span><\/p>\n<p align=\"LEFT\"><span style=\"color: #000000;\"><span style=\"font-family: Ubuntu;\"><span style=\"font-size: medium;\">info@wandering.eu<\/span><\/span><\/span><\/p>\n<p align=\"LEFT\"><a href=\"http:\/\/wandering.eu\/wp-content\/uploads\/2019\/12\/IMG_1606.jpg\"><img decoding=\"async\" loading=\"lazy\" class=\"alignnone size-medium wp-image-422\" src=\"http:\/\/wandering.eu\/wp-content\/uploads\/2019\/12\/IMG_1606-300x200.jpg\" alt=\"\" width=\"300\" height=\"200\" srcset=\"http:\/\/wandering.eu\/wp-content\/uploads\/2019\/12\/IMG_1606-300x200.jpg 300w, http:\/\/wandering.eu\/wp-content\/uploads\/2019\/12\/IMG_1606-768x512.jpg 768w, http:\/\/wandering.eu\/wp-content\/uploads\/2019\/12\/IMG_1606-1024x683.jpg 1024w\" sizes=\"(max-width: 300px) 100vw, 300px\" \/><\/a><\/p>\n<p><\/p>","protected":false},"excerpt":{"rendered":"<p>Hallo liebe Mitwanderer, Wilkommen bei W@ndering. Meine Name ist Yahya Alexander Mathkor und mit W@ndering versuche ich grandiosen Natur, und vielseitiger Kultur, herzlichen Menschen, viele Sprache, sowie sehr Uhrsprungliche Wanderwegen mit ihnen zu teilen. Als Reiseleiter ist mein Ziel, dass sich jeder Reisegast, sowohl individuell als auch in der Gruppe, wohl und sicher aufgehoben f\u00fchlt &hellip; <a href=\"http:\/\/wandering.eu\/de\/about-wndering\/\" class=\"more-link\"><span class=\"screen-reader-text\">W@ndering<\/span> weiterlesen <span class=\"meta-nav\">&rarr;<\/span><\/a><\/p>\n","protected":false},"author":1,"featured_media":0,"parent":0,"menu_order":0,"comment_status":"closed","ping_status":"closed","template":"","meta":[],"_links":{"self":[{"href":"http:\/\/wandering.eu\/de\/wp-json\/wp\/v2\/pages\/8"}],"collection":[{"href":"http:\/\/wandering.eu\/de\/wp-json\/wp\/v2\/pages"}],"about":[{"href":"http:\/\/wandering.eu\/de\/wp-json\/wp\/v2\/types\/page"}],"author":[{"embeddable":true,"href":"http:\/\/wandering.eu\/de\/wp-json\/wp\/v2\/users\/1"}],"replies":[{"embeddable":true,"href":"http:\/\/wandering.eu\/de\/wp-json\/wp\/v2\/comments?post=8"}],"version-history":[{"count":30,"href":"http:\/\/wandering.eu\/de\/wp-json\/wp\/v2\/pages\/8\/revisions"}],"predecessor-version":[{"id":426,"href":"http:\/\/wandering.eu\/de\/wp-json\/wp\/v2\/pages\/8\/revisions\/426"}],"wp:attachment":[{"href":"http:\/\/wandering.eu\/de\/wp-json\/wp\/v2\/media?parent=8"}],"curies":[{"name":"wp","href":"https:\/\/api.w.org\/{rel}","templated":true}]}}