{"id":319,"date":"2018-04-11T17:53:15","date_gmt":"2018-04-11T17:53:15","guid":{"rendered":"http:\/\/wandering.eu\/?page_id=319"},"modified":"2019-12-02T20:29:58","modified_gmt":"2019-12-02T20:29:58","slug":"desert-tripping","status":"publish","type":"page","link":"http:\/\/wandering.eu\/es\/desert-tripping\/","title":{"rendered":"Desert and Yoga"},"content":{"rendered":"<p class=\"qtranxs-available-languages-message qtranxs-available-languages-message-es\">Disculpa, pero esta entrada est\u00e1 disponible s\u00f3lo en <a href=\"http:\/\/wandering.eu\/en\/wp-json\/wp\/v2\/pages\/319\" class=\"qtranxs-available-language-link qtranxs-available-language-link-en\" title=\"English\">Ingl\u00e9s Estadounidense<\/a>, <a href=\"http:\/\/wandering.eu\/de\/wp-json\/wp\/v2\/pages\/319\" class=\"qtranxs-available-language-link qtranxs-available-language-link-de\" title=\"Deutsch\">Alem\u00e1n<\/a> y <a href=\"http:\/\/wandering.eu\/nl\/wp-json\/wp\/v2\/pages\/319\" class=\"qtranxs-available-language-link qtranxs-available-language-link-nl\" title=\"Nederlands\">Neerland\u00e9s<\/a>.<\/p>","protected":false},"excerpt":{"rendered":"<p>Disculpa, pero esta entrada est\u00e1 disponible s\u00f3lo en Ingl\u00e9s Estadounidense, Alem\u00e1n y Neerland\u00e9s.<\/p>\n","protected":false},"author":1,"featured_media":0,"parent":0,"menu_order":0,"comment_status":"closed","ping_status":"closed","template":"","meta":[],"_links":{"self":[{"href":"http:\/\/wandering.eu\/es\/wp-json\/wp\/v2\/pages\/319"}],"collection":[{"href":"http:\/\/wandering.eu\/es\/wp-json\/wp\/v2\/pages"}],"about":[{"href":"http:\/\/wandering.eu\/es\/wp-json\/wp\/v2\/types\/page"}],"author":[{"embeddable":true,"href":"http:\/\/wandering.eu\/es\/wp-json\/wp\/v2\/users\/1"}],"replies":[{"embeddable":true,"href":"http:\/\/wandering.eu\/es\/wp-json\/wp\/v2\/comments?post=319"}],"version-history":[{"count":6,"href":"http:\/\/wandering.eu\/es\/wp-json\/wp\/v2\/pages\/319\/revisions"}],"predecessor-version":[{"id":420,"href":"http:\/\/wandering.eu\/es\/wp-json\/wp\/v2\/pages\/319\/revisions\/420"}],"wp:attachment":[{"href":"http:\/\/wandering.eu\/es\/wp-json\/wp\/v2\/media?parent=319"}],"curies":[{"name":"wp","href":"https:\/\/api.w.org\/{rel}","templated":true}]}}