{"id":32,"date":"2015-12-08T23:55:30","date_gmt":"2015-12-08T23:55:30","guid":{"rendered":"http:\/\/wandering.eu\/?page_id=32"},"modified":"2015-12-09T15:59:17","modified_gmt":"2015-12-09T15:59:17","slug":"guestbook-2","status":"publish","type":"page","link":"http:\/\/wandering.eu\/es\/guestbook-2\/","title":{"rendered":"Registro de visitas"},"content":{"rendered":"\t<div id=\"respond\" class=\"comment-respond\">\n\t\t<h3 id=\"reply-title\" class=\"comment-reply-title\">Deja una respuesta <small><a rel=\"nofollow\" id=\"cancel-comment-reply-link\" href=\"\/es\/wp-json\/wp\/v2\/pages\/32#respond\" style=\"display:none;\">Cancelar la respuesta<\/a><\/small><\/h3><form action=\"http:\/\/wandering.eu\/wp-comments-post.php\" method=\"post\" id=\"commentform\" class=\"comment-form\" novalidate><p class=\"comment-notes\"><span id=\"email-notes\">Tu direcci\u00f3n de correo electr\u00f3nico no ser\u00e1 publicada.<\/span> <span class=\"required-field-message\">Los campos obligatorios est\u00e1n marcados con <span class=\"required\">*<\/span><\/span><\/p><p class=\"comment-form-comment\"><label for=\"comment\">Comentario <span class=\"required\">*<\/span><\/label> <textarea id=\"comment\" name=\"comment\" cols=\"45\" rows=\"8\" maxlength=\"65525\" required><\/textarea><\/p><p class=\"comment-form-author\"><label for=\"author\">Nombre<\/label> <input id=\"author\" name=\"author\" type=\"text\" value=\"\" size=\"30\" maxlength=\"245\" autocomplete=\"name\" \/><\/p>\n<p class=\"comment-form-email\"><label for=\"email\">Correo electr\u00f3nico<\/label> <input id=\"email\" name=\"email\" type=\"email\" value=\"\" size=\"30\" maxlength=\"100\" aria-describedby=\"email-notes\" autocomplete=\"email\" \/><\/p>\n<p class=\"comment-form-url\"><label for=\"url\">Web<\/label> <input id=\"url\" name=\"url\" type=\"url\" value=\"\" size=\"30\" maxlength=\"200\" autocomplete=\"url\" \/><\/p>\n<p class=\"comment-form-cookies-consent\"><input id=\"wp-comment-cookies-consent\" name=\"wp-comment-cookies-consent\" type=\"checkbox\" value=\"yes\" \/> <label for=\"wp-comment-cookies-consent\">Guarda mi nombre, correo electr\u00f3nico y web en este navegador para la pr\u00f3xima vez que comente.<\/label><\/p>\n<p class=\"form-submit\"><input name=\"submit\" type=\"submit\" id=\"submit\" class=\"submit\" value=\"Publicar el comentario\" \/> <input type='hidden' name='comment_post_ID' value='32' id='comment_post_ID' \/>\n<input type='hidden' name='comment_parent' id='comment_parent' value='0' \/>\n<input type=\"hidden\" name=\"is_cgb_comment\" id=\"is_cgb_comment\" value=\"32\" \/><input type=\"hidden\" name=\"cgb_comments_status\" id=\"cgb_comments_status\" value=\"open\" \/><\/p><p style=\"display: none;\"><input type=\"hidden\" id=\"akismet_comment_nonce\" name=\"akismet_comment_nonce\" value=\"c638daac78\" \/><\/p><p style=\"display: none;\"><input type=\"hidden\" id=\"ak_js\" name=\"ak_js\" value=\"1\"\/><\/p><\/form>\t<\/div><!-- #respond -->\n\t\n","protected":false},"excerpt":{"rendered":"","protected":false},"author":1,"featured_media":0,"parent":0,"menu_order":0,"comment_status":"closed","ping_status":"closed","template":"","meta":[],"_links":{"self":[{"href":"http:\/\/wandering.eu\/es\/wp-json\/wp\/v2\/pages\/32"}],"collection":[{"href":"http:\/\/wandering.eu\/es\/wp-json\/wp\/v2\/pages"}],"about":[{"href":"http:\/\/wandering.eu\/es\/wp-json\/wp\/v2\/types\/page"}],"author":[{"embeddable":true,"href":"http:\/\/wandering.eu\/es\/wp-json\/wp\/v2\/users\/1"}],"replies":[{"embeddable":true,"href":"http:\/\/wandering.eu\/es\/wp-json\/wp\/v2\/comments?post=32"}],"version-history":[{"count":2,"href":"http:\/\/wandering.eu\/es\/wp-json\/wp\/v2\/pages\/32\/revisions"}],"predecessor-version":[{"id":53,"href":"http:\/\/wandering.eu\/es\/wp-json\/wp\/v2\/pages\/32\/revisions\/53"}],"wp:attachment":[{"href":"http:\/\/wandering.eu\/es\/wp-json\/wp\/v2\/media?parent=32"}],"curies":[{"name":"wp","href":"https:\/\/api.w.org\/{rel}","templated":true}]}}