{"id":433,"date":"2019-12-29T21:46:54","date_gmt":"2019-12-29T21:46:54","guid":{"rendered":"http:\/\/wandering.eu\/?page_id=433"},"modified":"2020-01-26T17:43:05","modified_gmt":"2020-01-26T17:43:05","slug":"desert-trekking","status":"publish","type":"page","link":"http:\/\/wandering.eu\/es\/desert-trekking\/","title":{"rendered":"Desert trekking"},"content":{"rendered":"<p class=\"qtranxs-available-languages-message qtranxs-available-languages-message-es\">Disculpa, pero esta entrada est\u00e1 disponible s\u00f3lo en <a href=\"http:\/\/wandering.eu\/en\/wp-json\/wp\/v2\/pages\/433\" class=\"qtranxs-available-language-link qtranxs-available-language-link-en\" title=\"English\">Ingl\u00e9s Estadounidense<\/a>, <a href=\"http:\/\/wandering.eu\/de\/wp-json\/wp\/v2\/pages\/433\" class=\"qtranxs-available-language-link qtranxs-available-language-link-de\" title=\"Deutsch\">Alem\u00e1n<\/a> y <a href=\"http:\/\/wandering.eu\/nl\/wp-json\/wp\/v2\/pages\/433\" class=\"qtranxs-available-language-link qtranxs-available-language-link-nl\" title=\"Nederlands\">Neerland\u00e9s<\/a>.<\/p>","protected":false},"excerpt":{"rendered":"<p>Disculpa, pero esta entrada est\u00e1 disponible s\u00f3lo en Ingl\u00e9s Estadounidense, Alem\u00e1n y Neerland\u00e9s.<\/p>\n","protected":false},"author":1,"featured_media":0,"parent":0,"menu_order":0,"comment_status":"closed","ping_status":"closed","template":"","meta":[],"_links":{"self":[{"href":"http:\/\/wandering.eu\/es\/wp-json\/wp\/v2\/pages\/433"}],"collection":[{"href":"http:\/\/wandering.eu\/es\/wp-json\/wp\/v2\/pages"}],"about":[{"href":"http:\/\/wandering.eu\/es\/wp-json\/wp\/v2\/types\/page"}],"author":[{"embeddable":true,"href":"http:\/\/wandering.eu\/es\/wp-json\/wp\/v2\/users\/1"}],"replies":[{"embeddable":true,"href":"http:\/\/wandering.eu\/es\/wp-json\/wp\/v2\/comments?post=433"}],"version-history":[{"count":13,"href":"http:\/\/wandering.eu\/es\/wp-json\/wp\/v2\/pages\/433\/revisions"}],"predecessor-version":[{"id":449,"href":"http:\/\/wandering.eu\/es\/wp-json\/wp\/v2\/pages\/433\/revisions\/449"}],"wp:attachment":[{"href":"http:\/\/wandering.eu\/es\/wp-json\/wp\/v2\/media?parent=433"}],"curies":[{"name":"wp","href":"https:\/\/api.w.org\/{rel}","templated":true}]}}