{"id":26,"date":"2015-12-03T23:47:48","date_gmt":"2015-12-03T23:47:48","guid":{"rendered":"http:\/\/wandering.eu\/?page_id=26"},"modified":"2019-12-29T18:30:14","modified_gmt":"2019-12-29T18:30:14","slug":"high-atlas","status":"publish","type":"page","link":"https:\/\/wandering.eu\/de\/high-atlas\/","title":{"rendered":"Hoher Atlas"},"content":{"rendered":"<p>Dieses Jahr machen wir wieder einen Trekking Tour in der H\u00f6he Atlas.<\/p>\n<p>Der Termin ist von der 6. bis 15. September und ist gesichert.<\/p>\n<p><a href=\"http:\/\/wandering.eu\/wp-content\/uploads\/2015\/12\/IMG_2986.jpg\"><img decoding=\"async\" loading=\"lazy\" class=\"size-medium wp-image-34 aligncenter\" src=\"http:\/\/wandering.eu\/wp-content\/uploads\/2015\/12\/IMG_2986-300x200.jpg\" alt=\"IMG_2986\" width=\"300\" height=\"200\" srcset=\"https:\/\/wandering.eu\/wp-content\/uploads\/2015\/12\/IMG_2986-300x200.jpg 300w, https:\/\/wandering.eu\/wp-content\/uploads\/2015\/12\/IMG_2986-1024x683.jpg 1024w\" sizes=\"(max-width: 300px) 100vw, 300px\" \/><\/a><\/p>\n<p>Wir besteigen der Jebel Toubkal, mit 4167m der h\u00f6chste Berg in Nord-Afrika. Das machen wir von Ijoukak aus \u00fcber eine der weniger ben\u00fctzte Wanderwegen.<\/p>\n<p>Die Reise dauert insgesammt 10 Tagen, wovon 7 Wandertage.<\/p>\n<p>Programm:<\/p>\n<p>1. Tag:<\/p>\n<p>Ankunft in Marrakesch. Wir treffen uns am Flughafen, abh\u00e4ngig von der Ankunftszeit k\u00f6nnt ihr euch noch ein bisschen verlaufen in der Medina von Marrakesch. Abends essen wir gemeinsam.<\/p>\n<p>2. Tag:<\/p>\n<p>Wir fangen heute an mit der Fahrt nach Ijoukak (2 Stunden). Nachher machen wir eine &#8222;kurze&#8220; Wanderung der Gegend von Ijoukak kennen zu lernen und etwa zum akklimatisieren.<\/p>\n<p>3. bis 8. Tag:<\/p>\n<p>Trekkingtour. Wir \u00fcberqueren der H\u00f6he Atlas von Ijoukak nach Imlil. Unterwegs besteigen wir der Jebel Toubkal. Wir zelten oder schlafen bei ortliche Leute. Unser Gep\u00e4ck wird von Maultieren getragen.<\/p>\n<p><a href=\"http:\/\/wandering.eu\/wp-content\/uploads\/2015\/12\/DSC03572.jpg\"><img decoding=\"async\" loading=\"lazy\" class=\"size-medium wp-image-36 aligncenter\" src=\"http:\/\/wandering.eu\/wp-content\/uploads\/2015\/12\/DSC03572-300x169.jpg\" alt=\"DSC03572\" width=\"300\" height=\"169\" srcset=\"https:\/\/wandering.eu\/wp-content\/uploads\/2015\/12\/DSC03572-300x169.jpg 300w, https:\/\/wandering.eu\/wp-content\/uploads\/2015\/12\/DSC03572-1024x576.jpg 1024w\" sizes=\"(max-width: 300px) 100vw, 300px\" \/><\/a>Jeden Tag wandern wir zwischen 5 und 7 Stunden mit h\u00f6henunterschieden bis 1200m<\/p>\n<p>9. Tag:<\/p>\n<p>Heute Vormittag fahren wir von Imlil zur\u00fcck nach Marrakesch. Nachmittags gibt es Zeit Marrakesch etwa besser kennen zu lernen.<\/p>\n<p>10. Tag:<\/p>\n<p>Abreise. Nat\u00fcrlich ist es m\u00f6glich zu verl\u00e4ngern. Wir beraten Sie gerne.<\/p>\n<p><a href=\"http:\/\/wandering.eu\/wp-content\/uploads\/2019\/04\/IMG_4858.jpg\"><img decoding=\"async\" loading=\"lazy\" class=\"alignnone size-medium wp-image-368\" src=\"http:\/\/wandering.eu\/wp-content\/uploads\/2019\/04\/IMG_4858-234x300.jpg\" alt=\"\" width=\"234\" height=\"300\" \/><\/a><\/p>\n<p>&nbsp;<\/p>\n<p>Preis pro Person \u20ac950,- inklusive \u00dcbernachtungen, Fr\u00fchst\u00fck, Mittagessen und Abendessen, Ortliche Begleitung und Transport. Aber exclusive Flug, Getr\u00e4nke und Trinkgelder.<\/p>","protected":false},"excerpt":{"rendered":"<p>Dieses Jahr machen wir wieder einen Trekking Tour in der H\u00f6he Atlas. Der Termin ist von der 6. bis 15. September und ist gesichert. Wir besteigen der Jebel Toubkal, mit 4167m der h\u00f6chste Berg in Nord-Afrika. Das machen wir von Ijoukak aus \u00fcber eine der weniger ben\u00fctzte Wanderwegen. Die Reise dauert insgesammt 10 Tagen, wovon &hellip; <a href=\"https:\/\/wandering.eu\/de\/high-atlas\/\" class=\"more-link\"><span class=\"screen-reader-text\">Hoher Atlas<\/span> weiterlesen <span class=\"meta-nav\">&rarr;<\/span><\/a><\/p>\n","protected":false},"author":1,"featured_media":0,"parent":0,"menu_order":0,"comment_status":"closed","ping_status":"closed","template":"","meta":[],"_links":{"self":[{"href":"https:\/\/wandering.eu\/de\/wp-json\/wp\/v2\/pages\/26"}],"collection":[{"href":"https:\/\/wandering.eu\/de\/wp-json\/wp\/v2\/pages"}],"about":[{"href":"https:\/\/wandering.eu\/de\/wp-json\/wp\/v2\/types\/page"}],"author":[{"embeddable":true,"href":"https:\/\/wandering.eu\/de\/wp-json\/wp\/v2\/users\/1"}],"replies":[{"embeddable":true,"href":"https:\/\/wandering.eu\/de\/wp-json\/wp\/v2\/comments?post=26"}],"version-history":[{"count":18,"href":"https:\/\/wandering.eu\/de\/wp-json\/wp\/v2\/pages\/26\/revisions"}],"predecessor-version":[{"id":432,"href":"https:\/\/wandering.eu\/de\/wp-json\/wp\/v2\/pages\/26\/revisions\/432"}],"wp:attachment":[{"href":"https:\/\/wandering.eu\/de\/wp-json\/wp\/v2\/media?parent=26"}],"curies":[{"name":"wp","href":"https:\/\/api.w.org\/{rel}","templated":true}]}}