{"id":433,"date":"2019-12-29T21:46:54","date_gmt":"2019-12-29T21:46:54","guid":{"rendered":"http:\/\/wandering.eu\/?page_id=433"},"modified":"2020-01-26T17:43:05","modified_gmt":"2020-01-26T17:43:05","slug":"desert-trekking","status":"publish","type":"page","link":"https:\/\/wandering.eu\/de\/desert-trekking\/","title":{"rendered":"Sahara Trekking"},"content":{"rendered":"<p>Der Sahara, grosste W\u00fcste der Welt. Dieser riesige Sandkasten hat ausser Sand ein vielfalt an Landschaften wovon wir so viel wie M\u00f6glich kennen lernen.<\/p>\n<p>Wir reisen von Marrakesch durch Bergen, W\u00e4lder und Schluchten bis und der richtige Sandw\u00fcste und g\u00f6nnen uns Zeit richtig an zu kommen und der Weg zu geniessen auf dieser 12-tagige Reise.<\/p>\n<p><a href=\"http:\/\/wandering.eu\/wp-content\/uploads\/2019\/11\/IMG_3258.jpg\"><img decoding=\"async\" loading=\"lazy\" class=\"alignnone size-medium wp-image-401\" src=\"http:\/\/wandering.eu\/wp-content\/uploads\/2019\/11\/IMG_3258-300x200.jpg\" alt=\"\" width=\"300\" height=\"200\" srcset=\"https:\/\/wandering.eu\/wp-content\/uploads\/2019\/11\/IMG_3258-300x200.jpg 300w, https:\/\/wandering.eu\/wp-content\/uploads\/2019\/11\/IMG_3258-768x512.jpg 768w, https:\/\/wandering.eu\/wp-content\/uploads\/2019\/11\/IMG_3258-1024x683.jpg 1024w\" sizes=\"(max-width: 300px) 100vw, 300px\" \/><\/a><\/p>\n<p>Reiseablauf:<\/p>\n<p>1. Tag : Ankunft in Marrakesch<\/p>\n<p>Unser Reise f\u00e4ngt auf der Menara Flughafen an. Hier treffen wir einander und werden Sie nach unser Unterkunft in der Altstadt von Marrakech gefahren, dieses ist in der n\u00e4he vom ber\u00fchmte Jemaa el Fna Platz. Abends essen wir gemeinsam<\/p>\n<p>2. Tag : Marrakesch<\/p>\n<p>Die Uralte Handelsstadt Marrakesch bietet ein \u00dcberfluss an Eindr\u00fccke, Farbe und Duften, wir wandern durch die Geschichte auf ein anderes Kontinent und fast in einen andere Zeit. Unterwegs schauen wir uns an was hier alles verfasst und verkauft werd.<\/p>\n<p>3. Tag : Wandern im Wald von Toufliht<\/p>\n<p>Wir verlassen die Stadt und fahren zu der H\u00f6he Atlas. Unterwegs halten wir zum wandern im Wald von Toufliht. Dieses sch\u00f6nes Tal hat einen sch\u00f6nen Eichenwald auf bunte Afrikanischer Erde.<\/p>\n<p>Nach der Wanderung fahren wir \u00fcber die Tizi n&#8217;Tichka Pass (2200m) zum Bergdorf Telouet. Hier schlafen wir in ein kleines familien G\u00e4sthaus.<\/p>\n<p>Gehzeit : 3u<\/p>\n<p>H\u00f6henunterschied: \u2013 350 + 350m<\/p>\n<p><a href=\"http:\/\/wandering.eu\/wp-content\/uploads\/2019\/11\/MG_4950.jpg\"><img decoding=\"async\" loading=\"lazy\" class=\"alignnone size-medium wp-image-408\" src=\"http:\/\/wandering.eu\/wp-content\/uploads\/2019\/11\/MG_4950-300x200.jpg\" alt=\"\" width=\"300\" height=\"200\" srcset=\"https:\/\/wandering.eu\/wp-content\/uploads\/2019\/11\/MG_4950-300x200.jpg 300w, https:\/\/wandering.eu\/wp-content\/uploads\/2019\/11\/MG_4950-768x512.jpg 768w, https:\/\/wandering.eu\/wp-content\/uploads\/2019\/11\/MG_4950-1024x683.jpg 1024w\" sizes=\"(max-width: 300px) 100vw, 300px\" \/><\/a><\/p>\n<p>4. Tag : Schlucht der Oued Ounila<\/p>\n<p>Von Telouet folgen wir das Tal der Oued Ounila. Dieser Fluss hat einen landwirtschaftlich gen\u00fctzte Oase zwischen einen trockene Hochebene. Wo der Fluss in einer schlucht geht, verlassen wir das Auto und gehen zu Fuss mit.<\/p>\n<p>Nach der Wanderung fahren wir weiter s\u00fcdlich zu Agdz, am Anfang des Draa Tal.<\/p>\n<p>Gehzeit : 3 Stunden<\/p>\n<p>H\u00f6henunterschied: + 100m &#8211; 200m<\/p>\n<p>5. Tag : Fahrt nach Mhamid<\/p>\n<p>Der Oued Draa geht rein in die W\u00fcste und zertrocknet unterwegs. Wir besuchen einen der Alte Kasbahs an dieser alte Handelsweg lang, und gehen hinauf auf ein kleiner Aussichtpunkt auf unser Weg nach Ouled Driss.<\/p>\n<p>6. bis 9. Tag<\/p>\n<p>Von Ouled Driss machen wir einen 4-tagige Trekkingtour durch abwechselende W\u00fcstelandschaften. Alles kommt vorbei: Ruinen, Oasen, pre-historische Felsgrabierungen, Steinw\u00fcste und nat\u00fcrlich Sandd\u00fcnen.<\/p>\n<p>Wir gehen durch ein Teil der Sahara wo man nur zu Fuss kommen kann, und geniessen hier die Ruhe und Stille.<\/p>\n<p>W\u00e4hrend der Trekking haben wir ein ortlicher Guide, Koch, und Dromedaren f\u00fcr das Gep\u00e4ck. Wir zelten jeden Nacht wo anderes unter die Sternen.<\/p>\n<p>Wir wandern jeden Tag zwischen 4 und 6 Stunden. In der W\u00fcste gibt es keine grosse H\u00f6henunterschieden ausser die D\u00fcnen.<\/p>\n<p><a href=\"http:\/\/wandering.eu\/wp-content\/uploads\/2019\/11\/IMG_3397.jpg\"><img decoding=\"async\" loading=\"lazy\" class=\"alignnone size-medium wp-image-402\" src=\"http:\/\/wandering.eu\/wp-content\/uploads\/2019\/11\/IMG_3397-300x200.jpg\" alt=\"\" width=\"300\" height=\"200\" srcset=\"https:\/\/wandering.eu\/wp-content\/uploads\/2019\/11\/IMG_3397-300x200.jpg 300w, https:\/\/wandering.eu\/wp-content\/uploads\/2019\/11\/IMG_3397-768x512.jpg 768w, https:\/\/wandering.eu\/wp-content\/uploads\/2019\/11\/IMG_3397-1024x683.jpg 1024w\" sizes=\"(max-width: 300px) 100vw, 300px\" \/><\/a><\/p>\n<p>10. Tag : Zur\u00fcck in der Zivilisation.<\/p>\n<p>Wir fahren zur\u00fcck nach Ouarzazate wo wir im genoss der luxus einen Oase entspannen.<\/p>\n<p>11. Tag : Marrakesch<\/p>\n<p>Wir fangen der Tag an mit der fahrt nach Marrakesch wo es Nachmittags noch die m\u00f6glichkeit gibt sich in der Stadt zu verlieren.<\/p>\n<p>12. Tag : Abreise<\/p>\n<p>Abreise oder individuelle Verl\u00e4ngerung.<\/p>\n<p><a href=\"http:\/\/wandering.eu\/wp-content\/uploads\/2019\/12\/IMG_1606.jpg\"><img decoding=\"async\" loading=\"lazy\" class=\"alignnone size-medium wp-image-422\" src=\"http:\/\/wandering.eu\/wp-content\/uploads\/2019\/12\/IMG_1606-300x200.jpg\" alt=\"\" width=\"300\" height=\"200\" srcset=\"https:\/\/wandering.eu\/wp-content\/uploads\/2019\/12\/IMG_1606-300x200.jpg 300w, https:\/\/wandering.eu\/wp-content\/uploads\/2019\/12\/IMG_1606-768x512.jpg 768w, https:\/\/wandering.eu\/wp-content\/uploads\/2019\/12\/IMG_1606-1024x683.jpg 1024w\" sizes=\"(max-width: 300px) 100vw, 300px\" \/><\/a><\/p>\n<p>Der Preis f\u00fcr dieser Reise ist \u20ac 1290,-<\/p>\n<p>Inklusiv alle \u00dcbernachtungen, Transport, Mahlzeiten und orlticher Begleitung. Exclusive Fl\u00fcge, Getr\u00e4nke und Trenkgelder.<\/p>\n<p>In Hotels wird ein geteiltes Doppelzimmer angeboten, Einzelzimmer im \u00fcberleg verf\u00fcgbar. In der W\u00fcste Zelten wir und m\u00fcssen wir uns einstellen auf ein par Tagen ohne luxus wie Duschen und W-lan.<\/p>\n<p>Der Termin dieser Reise ist von der 4. bis der 15. November.<\/p>\n<p>&nbsp;<\/p>","protected":false},"excerpt":{"rendered":"<p>Der Sahara, grosste W\u00fcste der Welt. Dieser riesige Sandkasten hat ausser Sand ein vielfalt an Landschaften wovon wir so viel wie M\u00f6glich kennen lernen. Wir reisen von Marrakesch durch Bergen, W\u00e4lder und Schluchten bis und der richtige Sandw\u00fcste und g\u00f6nnen uns Zeit richtig an zu kommen und der Weg zu geniessen auf dieser 12-tagige Reise. &hellip; <a href=\"https:\/\/wandering.eu\/de\/desert-trekking\/\" class=\"more-link\"><span class=\"screen-reader-text\">Sahara Trekking<\/span> weiterlesen <span class=\"meta-nav\">&rarr;<\/span><\/a><\/p>\n","protected":false},"author":1,"featured_media":0,"parent":0,"menu_order":0,"comment_status":"closed","ping_status":"closed","template":"","meta":[],"_links":{"self":[{"href":"https:\/\/wandering.eu\/de\/wp-json\/wp\/v2\/pages\/433"}],"collection":[{"href":"https:\/\/wandering.eu\/de\/wp-json\/wp\/v2\/pages"}],"about":[{"href":"https:\/\/wandering.eu\/de\/wp-json\/wp\/v2\/types\/page"}],"author":[{"embeddable":true,"href":"https:\/\/wandering.eu\/de\/wp-json\/wp\/v2\/users\/1"}],"replies":[{"embeddable":true,"href":"https:\/\/wandering.eu\/de\/wp-json\/wp\/v2\/comments?post=433"}],"version-history":[{"count":13,"href":"https:\/\/wandering.eu\/de\/wp-json\/wp\/v2\/pages\/433\/revisions"}],"predecessor-version":[{"id":449,"href":"https:\/\/wandering.eu\/de\/wp-json\/wp\/v2\/pages\/433\/revisions\/449"}],"wp:attachment":[{"href":"https:\/\/wandering.eu\/de\/wp-json\/wp\/v2\/media?parent=433"}],"curies":[{"name":"wp","href":"https:\/\/api.w.org\/{rel}","templated":true}]}}