{"id":14,"date":"2015-12-03T22:04:50","date_gmt":"2015-12-03T22:04:50","guid":{"rendered":"http:\/\/wandering.eu\/?page_id=14"},"modified":"2019-12-29T21:48:09","modified_gmt":"2019-12-29T21:48:09","slug":"southern-morocco","status":"publish","type":"page","link":"https:\/\/wandering.eu\/es\/southern-morocco\/","title":{"rendered":"El Sur Mysterioso"},"content":{"rendered":"<p>Por desgracia esta pagina s\u00f3lo est\u00e1 disponible en Ingles, Aleman y Holandes.<\/p>\n<p>O miren el video que es en el idioma internacional de la m\u00fasica.<\/p>\n<p><div style=\"width: 474px;\" class=\"wp-video\"><!--[if lt IE 9]><script>document.createElement('video');<\/script><![endif]-->\n<video class=\"wp-video-shortcode\" id=\"video-14-1\" width=\"474\" height=\"320\" preload=\"metadata\" controls=\"controls\"><source type=\"video\/mp4\" src=\"http:\/\/wandering.eu\/wp-content\/uploads\/2017\/01\/VID-20170125-WA0001-1.mp4?_=1\" \/><a href=\"http:\/\/wandering.eu\/wp-content\/uploads\/2017\/01\/VID-20170125-WA0001-1.mp4\">http:\/\/wandering.eu\/wp-content\/uploads\/2017\/01\/VID-20170125-WA0001-1.mp4<\/a><\/video><\/div><\/p>","protected":false},"excerpt":{"rendered":"<p>Disculpa, pero esta entrada est\u00e1 disponible s\u00f3lo en Ingl\u00e9s Estadounidense.<\/p>\n","protected":false},"author":1,"featured_media":0,"parent":0,"menu_order":0,"comment_status":"closed","ping_status":"closed","template":"","meta":[],"_links":{"self":[{"href":"https:\/\/wandering.eu\/es\/wp-json\/wp\/v2\/pages\/14"}],"collection":[{"href":"https:\/\/wandering.eu\/es\/wp-json\/wp\/v2\/pages"}],"about":[{"href":"https:\/\/wandering.eu\/es\/wp-json\/wp\/v2\/types\/page"}],"author":[{"embeddable":true,"href":"https:\/\/wandering.eu\/es\/wp-json\/wp\/v2\/users\/1"}],"replies":[{"embeddable":true,"href":"https:\/\/wandering.eu\/es\/wp-json\/wp\/v2\/comments?post=14"}],"version-history":[{"count":67,"href":"https:\/\/wandering.eu\/es\/wp-json\/wp\/v2\/pages\/14\/revisions"}],"predecessor-version":[{"id":435,"href":"https:\/\/wandering.eu\/es\/wp-json\/wp\/v2\/pages\/14\/revisions\/435"}],"wp:attachment":[{"href":"https:\/\/wandering.eu\/es\/wp-json\/wp\/v2\/media?parent=14"}],"curies":[{"name":"wp","href":"https:\/\/api.w.org\/{rel}","templated":true}]}}