{"id":8,"date":"2015-12-02T15:10:25","date_gmt":"2015-12-02T15:10:25","guid":{"rendered":"http:\/\/wandering.eu\/?page_id=8"},"modified":"2019-12-02T20:51:32","modified_gmt":"2019-12-02T20:51:32","slug":"about-wndering","status":"publish","type":"page","link":"https:\/\/wandering.eu\/es\/about-wndering\/","title":{"rendered":"W@ndering"},"content":{"rendered":"<p>Hola tod@s,<\/p>\n<p>Mi nombre es Yahya Alexander Mathkor. Desde ni\u00f1o estaba so\u00f1ando viajar el mundo, leyendo mapas en vez de libros. Me siento muy afortunado poder decir que desde el 2012 me dedico professionalmente a eso.<\/p>\n<p>La passi\u00f3n a viajar, el encanto de la naturaleza y la suerte de una formaci\u00f3n multicultural me han llevado a ser gu\u00eda sobre todo de senderismo.<\/p>\n<p>Asi nac\u00ed W@ndering.<\/p>\n<p>Al viajar conmigo se pueden esperar a una mezcla de naturaleza y cultura, aventura y relajarse fuera de lo\u00a0 conocido. Con grupos o de manera individual.<\/p>\n<p><a href=\"http:\/\/wandering.eu\/wp-content\/uploads\/2019\/12\/IMG_1606.jpg\"><img decoding=\"async\" loading=\"lazy\" class=\"alignnone wp-image-422\" src=\"http:\/\/wandering.eu\/wp-content\/uploads\/2019\/12\/IMG_1606-300x200.jpg\" alt=\"\" width=\"344\" height=\"229\" srcset=\"https:\/\/wandering.eu\/wp-content\/uploads\/2019\/12\/IMG_1606-300x200.jpg 300w, https:\/\/wandering.eu\/wp-content\/uploads\/2019\/12\/IMG_1606-768x512.jpg 768w, https:\/\/wandering.eu\/wp-content\/uploads\/2019\/12\/IMG_1606-1024x683.jpg 1024w\" sizes=\"(max-width: 344px) 100vw, 344px\" \/><\/a><\/p>\n<p>Con preguntas, dudas, consultas o propuestas pueden escribirme a:<\/p>\n<p>info@wandering.eu<\/p>","protected":false},"excerpt":{"rendered":"<p>Hola tod@s, Mi nombre es Yahya Alexander Mathkor. Desde ni\u00f1o estaba so\u00f1ando viajar el mundo, leyendo mapas en vez de libros. Me siento muy afortunado poder decir que desde el 2012 me dedico professionalmente a eso. La passi\u00f3n a viajar, el encanto de la naturaleza y la suerte de una formaci\u00f3n multicultural me han llevado &hellip; <a href=\"https:\/\/wandering.eu\/es\/about-wndering\/\" class=\"more-link\">Seguir leyendo <span class=\"screen-reader-text\">W@ndering<\/span> <span class=\"meta-nav\">&rarr;<\/span><\/a><\/p>\n","protected":false},"author":1,"featured_media":0,"parent":0,"menu_order":0,"comment_status":"closed","ping_status":"closed","template":"","meta":[],"_links":{"self":[{"href":"https:\/\/wandering.eu\/es\/wp-json\/wp\/v2\/pages\/8"}],"collection":[{"href":"https:\/\/wandering.eu\/es\/wp-json\/wp\/v2\/pages"}],"about":[{"href":"https:\/\/wandering.eu\/es\/wp-json\/wp\/v2\/types\/page"}],"author":[{"embeddable":true,"href":"https:\/\/wandering.eu\/es\/wp-json\/wp\/v2\/users\/1"}],"replies":[{"embeddable":true,"href":"https:\/\/wandering.eu\/es\/wp-json\/wp\/v2\/comments?post=8"}],"version-history":[{"count":30,"href":"https:\/\/wandering.eu\/es\/wp-json\/wp\/v2\/pages\/8\/revisions"}],"predecessor-version":[{"id":426,"href":"https:\/\/wandering.eu\/es\/wp-json\/wp\/v2\/pages\/8\/revisions\/426"}],"wp:attachment":[{"href":"https:\/\/wandering.eu\/es\/wp-json\/wp\/v2\/media?parent=8"}],"curies":[{"name":"wp","href":"https:\/\/api.w.org\/{rel}","templated":true}]}}