{"id":14,"date":"2015-12-03T22:04:50","date_gmt":"2015-12-03T22:04:50","guid":{"rendered":"http:\/\/wandering.eu\/?page_id=14"},"modified":"2019-12-29T21:48:09","modified_gmt":"2019-12-29T21:48:09","slug":"southern-morocco","status":"publish","type":"page","link":"https:\/\/wandering.eu\/fr\/southern-morocco\/","title":{"rendered":"Sud mysterieux"},"content":{"rendered":"<p>D\u00e9sol\u00e9 cette page\u00a0est seulement disponible en Anglais, Allemand et N\u00e9erlandais.<\/p>","protected":false},"excerpt":{"rendered":"<p>D\u00e9sol\u00e9, cet article est seulement disponible en Anglais Am\u00e9ricain.<\/p>\n","protected":false},"author":1,"featured_media":0,"parent":0,"menu_order":0,"comment_status":"closed","ping_status":"closed","template":"","meta":[],"_links":{"self":[{"href":"https:\/\/wandering.eu\/fr\/wp-json\/wp\/v2\/pages\/14"}],"collection":[{"href":"https:\/\/wandering.eu\/fr\/wp-json\/wp\/v2\/pages"}],"about":[{"href":"https:\/\/wandering.eu\/fr\/wp-json\/wp\/v2\/types\/page"}],"author":[{"embeddable":true,"href":"https:\/\/wandering.eu\/fr\/wp-json\/wp\/v2\/users\/1"}],"replies":[{"embeddable":true,"href":"https:\/\/wandering.eu\/fr\/wp-json\/wp\/v2\/comments?post=14"}],"version-history":[{"count":67,"href":"https:\/\/wandering.eu\/fr\/wp-json\/wp\/v2\/pages\/14\/revisions"}],"predecessor-version":[{"id":435,"href":"https:\/\/wandering.eu\/fr\/wp-json\/wp\/v2\/pages\/14\/revisions\/435"}],"wp:attachment":[{"href":"https:\/\/wandering.eu\/fr\/wp-json\/wp\/v2\/media?parent=14"}],"curies":[{"name":"wp","href":"https:\/\/api.w.org\/{rel}","templated":true}]}}